{"id":2603,"date":"2024-12-22T19:32:17","date_gmt":"2024-12-22T17:32:17","guid":{"rendered":"https:\/\/waafrica.org\/?page_id=2603"},"modified":"2025-12-07T18:07:58","modified_gmt":"2025-12-07T16:07:58","slug":"videos","status":"publish","type":"page","link":"https:\/\/waafrica.org\/fr\/videos\/","title":{"rendered":"Vid\u00e9os"},"content":{"rendered":"<div data-elementor-type=\"wp-page\" data-elementor-id=\"2603\" class=\"elementor elementor-2603\" data-elementor-post-type=\"page\">\n\t\t\t\t\t\t<section class=\"elementor-section elementor-top-section elementor-element elementor-element-fea2846 elementor-section-full_width elementor-section-height-default elementor-section-height-default rt-parallax-bg-no\" data-id=\"fea2846\" data-element_type=\"section\">\n\t\t\t\t\t\t<div class=\"elementor-container elementor-column-gap-default\">\n\t\t\t\t\t<div class=\"elementor-column elementor-col-100 elementor-top-column elementor-element elementor-element-907b8dc\" data-id=\"907b8dc\" data-element_type=\"column\">\n\t\t\t<div class=\"elementor-widget-wrap elementor-element-populated\">\n\t\t\t\t\t\t<div class=\"elementor-element elementor-element-d6f7544 elementor-invisible elementor-widget elementor-widget-rt-post-box\" data-id=\"d6f7544\" data-element_type=\"widget\" data-widget_type=\"rt-post-box.default\">\n\t\t\t\t<div class=\"elementor-widget-container\">\n\t\t\t\t\t<div class=\"rt-post-box-default rt-post-box-style1 play-position-default\">\n\t<div class=\"row g-4 left-order\">\n\t\t\t\t\t\t\n\t\t\t\t\t\t\t<div class=\"col-lg-6\">\n\t\t\t\t\t<div class=\"rt-item-wrap wow fadeInUp\" data-wow-delay=\"0.5s\" data-wow-duration=\"1s\">\n\t\t\t\t\t\t<div class=\"rt-item rt-item-grid\">\n\t\t\t\t\t\t\t<div class=\"rt-image\">\n\t\t\t\t\t\t\t\t\t\t\t\t\t\t\t\t<a href=\"https:\/\/waafrica.org\/fr\/world-archery-level-1-coaching-course-for-africa-started-in-cairo-egy-2\/\">\n\t\t\t\t\t\t\t\t\t<img fetchpriority=\"high\" decoding=\"async\" width=\"551\" height=\"413\" src=\"https:\/\/waafrica.org\/wp-content\/uploads\/2025\/08\/EGY-LVL1-2025-551x413.jpg\" class=\"attachment-neeon-size3 size-neeon-size3 wp-post-image\" alt=\"\" \/>\t\t\t\t\t\t\t\t<\/a>\t\t\t\t\t\t\t\t\t\t\n\t\t\t\t\t\t\t<\/div>\n\t\t\t\t\t\t\t<div class=\"entry-content\">\n\t\t\t\t\t\t\t\t\t\t\t\t\t\t\t\t\t\t\t\t\t\t\t\t\t\t<div class=\"post-terms\">\t\t\t\t<a href=\"https:\/\/waafrica.org\/fr\/category\/videos\/\"><span class=\"category-style\">Vid\u00e9os<\/span><\/a>\r\n\t\t\t<\/div>\n\t\t\t\t\t\t\t\t\t\t\t\t\t\t\t\t\t\t\n\t\t\t\t\t\t\t\t<h3 class=\"entry-title title-animation-black-bold\"><a href=\"https:\/\/waafrica.org\/fr\/world-archery-level-1-coaching-course-for-africa-started-in-cairo-egy-2\/\">Une Formation d'entra\u00eeneurs World Archery Niveau 1 pour l'Afrique a d\u00e9but\u00e9 au Caire, en \u00c9gypte.<\/a><\/h3>\n\t\t\t\t\t\t\t\t\t\t\t\t\t\t\t\t<ul class=\"entry-meta\">\n\t\t\t\t\t\t\t\t\t\t\n\t\t\t\t\t\t\t\t\t<li class=\"post-date\"><i class=\"far fa-calendar-alt\"><\/i>7 d\u00e9cembre 2025<\/li>\t\t\t\t\n\t\t\t\t\t\t\t\t\t\t\t\t\t\t\t\t\t<\/ul>\n\t\t\t\t\t\t\t\t\t\t\t\t\t\t\t<\/div>\n\t\t\t\t\t\t<\/div>\n\t\t\t\t\t<\/div>\n\t\t\t\t<\/div>\n\t\t\t\t\t\t\n\t\t\t\n\t\t\t\t\t\t\t\t\t\t\n\t\t\t\t\t\t\n\t\t\t\t\t\t\t<div class=\"col-lg-6\">\n\t\t\t\t<div class=\"row g-4\">\n\t\t\t\n\t\t\t\t\t\t\t\t\t<div class=\"col-12 wow fadeInUp\" data-wow-delay=\"0.7s\" data-wow-duration=\"1.2s\">\n\t\t\t\t\t\t<div class=\"rt-item rt-item-list\">\n\t\t\t\t\t\t\t<div class=\"list-content\">\n\t\t\t\t\t\t\t\t\t\t\t\t\t\t\t\t\t\t\t\t\t\t\t\t\t\t<div class=\"post-terms\">\t\t\t\t<a href=\"https:\/\/waafrica.org\/fr\/category\/videos\/\"><span class=\"category-style\">Vid\u00e9os<\/span><\/a>\r\n\t\t\t<\/div>\n\t\t\t\t\t\t\t\t\t\t\t\t\t\t\t\t\t\t\n\t\t\t\t\t\t\t\t<h3 class=\"entry-title title-animation-black-normal\"><a href=\"https:\/\/waafrica.org\/fr\/2968-2\/\">2025 WAAf Congress Cairo, Egypt 16 December 2024<\/a><\/h3>\n\t\t\t\t\t\t\t\t\t\t\t\t\t\t\t\t<ul class=\"entry-meta\">\n\t\t\t\t\t\t\t\t\t\t\t\t\t\t\t\t\t\t<li class=\"post-author\">by <a href=\"https:\/\/waafrica.org\/fr\/author\/admin-waaf23\/\" title=\"Articles par Admin\" rel=\"author\">Admin<\/a><\/li>\n\t\t\t\t\t\t\t\t\t\t\n\t\t\t\t\t\t\t\t\t<li class=\"post-date\"><i class=\"far fa-calendar-alt\"><\/i>7 d\u00e9cembre 2024<\/li>\t\t\t\t\n\t\t\t\t\t\t\t\t\t\t\t\t\t\t\t\t\t<\/ul>\n\t\t\t\t\t\t\t\t\t\t\t\t\t\t\t<\/div>\n\t\t\t\t\t\t\t<div class=\"rt-image\">\n\t\t\t\t\t\t\t\t\t\t\t\t\t\t\t\t<a href=\"https:\/\/waafrica.org\/fr\/2968-2\/\">\n\t\t\t\t\t\t\t\t\t<img decoding=\"async\" width=\"220\" height=\"175\" src=\"https:\/\/waafrica.org\/wp-content\/uploads\/2023\/07\/Waaf-logo-WATERMARKS-220x175.png\" class=\"attachment-neeon-size10 size-neeon-size10 wp-post-image\" alt=\"\" \/>\t\t\t\t\t\t\t\t<\/a>\t\t\t\t\t\t\t\t\t\t\n\t\t\t\t\t\t\t<\/div>\n\t\t\t\t\t\t<\/div>\t\n\t\t\t\t\t<\/div>\n\t\t\t\t\t\t\t\n\t\t\t<\/div>\n\t\t\t<\/div>\n\t\t<\/div>\n\t<\/div>\t\t\t\t<\/div>\n\t\t\t\t<\/div>\n\t\t\t\t\t<\/div>\n\t\t<\/div>\n\t\t\t\t\t<\/div>\n\t\t<\/section>\n\t\t\t\t<\/div>","protected":false},"excerpt":{"rendered":"<p>Videos World Archery Level 1 Coaching Course for Africa Started in Cairo, EGY 7 December 2025<\/p>","protected":false},"author":1,"featured_media":0,"parent":0,"menu_order":0,"comment_status":"closed","ping_status":"closed","template":"","meta":{"ngg_post_thumbnail":0,"footnotes":""},"class_list":["post-2603","page","type-page","status-publish","hentry"],"ams_acf":[],"rttpg_featured_image_url":null,"rttpg_author":{"display_name":"Admin","author_link":"https:\/\/waafrica.org\/fr\/author\/admin-waaf23\/"},"rttpg_comment":0,"rttpg_category":"","rttpg_excerpt":"Videos World Archery Level 1 Coaching Course for Africa Started in Cairo, EGY 7 December 2025","_links":{"self":[{"href":"https:\/\/waafrica.org\/fr\/wp-json\/wp\/v2\/pages\/2603","targetHints":{"allow":["GET"]}}],"collection":[{"href":"https:\/\/waafrica.org\/fr\/wp-json\/wp\/v2\/pages"}],"about":[{"href":"https:\/\/waafrica.org\/fr\/wp-json\/wp\/v2\/types\/page"}],"author":[{"embeddable":true,"href":"https:\/\/waafrica.org\/fr\/wp-json\/wp\/v2\/users\/1"}],"replies":[{"embeddable":true,"href":"https:\/\/waafrica.org\/fr\/wp-json\/wp\/v2\/comments?post=2603"}],"version-history":[{"count":24,"href":"https:\/\/waafrica.org\/fr\/wp-json\/wp\/v2\/pages\/2603\/revisions"}],"predecessor-version":[{"id":2967,"href":"https:\/\/waafrica.org\/fr\/wp-json\/wp\/v2\/pages\/2603\/revisions\/2967"}],"wp:attachment":[{"href":"https:\/\/waafrica.org\/fr\/wp-json\/wp\/v2\/media?parent=2603"}],"curies":[{"name":"wp","href":"https:\/\/api.w.org\/{rel}","templated":true}]}}