{"id":109,"date":"2023-05-20T18:43:31","date_gmt":"2023-05-20T16:43:31","guid":{"rendered":"http:\/\/localhost:8888\/WAAf\/?page_id=109"},"modified":"2023-07-18T19:00:14","modified_gmt":"2023-07-18T19:00:14","slug":"wa-africa","status":"publish","type":"page","link":"https:\/\/waafrica.org\/fr\/wa-africa\/","title":{"rendered":"WA Africa"},"content":{"rendered":"<div data-elementor-type=\"wp-page\" data-elementor-id=\"109\" class=\"elementor elementor-109\" data-elementor-post-type=\"page\">\n\t\t\t\t\t\t<section class=\"elementor-section elementor-top-section elementor-element elementor-element-2376533 elementor-section-boxed elementor-section-height-default elementor-section-height-default rt-parallax-bg-no\" data-id=\"2376533\" data-element_type=\"section\">\n\t\t\t\t\t\t<div class=\"elementor-container elementor-column-gap-default\">\n\t\t\t\t\t<div class=\"elementor-column elementor-col-100 elementor-top-column elementor-element elementor-element-69a1403\" data-id=\"69a1403\" data-element_type=\"column\">\n\t\t\t<div class=\"elementor-widget-wrap elementor-element-populated\">\n\t\t\t\t\t\t<div class=\"elementor-element elementor-element-883c57c elementor-invisible elementor-widget elementor-widget-rt-title\" data-id=\"883c57c\" data-element_type=\"widget\" data-widget_type=\"rt-title.default\">\n\t\t\t\t<div class=\"elementor-widget-container\">\n\t\t\t\t\t<div class=\"rt-section-title style1\">\n\t<div class=\"title-holder\">\t\t\n\t\t\t\t\t\t<h2 class=\"entry-title hide fadeInUp\" data-wow-delay=\"1.2s\" data-wow-duration=\"1s\">A propos de F\u00e9d\u00e9ration Africaine de tir \u00e0 l'arc (WAAf)\t\t\t<span class=\"titledot\"><\/span>\n\t\t\t<span class=\"titleline\"><\/span>\n\t\t<\/h2>\n\t\t\t<\/div>\n<\/div>\n\t\t\t\t<\/div>\n\t\t\t\t<\/div>\n\t\t\t\t\t<\/div>\n\t\t<\/div>\n\t\t\t\t\t<\/div>\n\t\t<\/section>\n\t\t\t\t<section class=\"elementor-section elementor-top-section elementor-element elementor-element-2b87506 elementor-section-stretched elementor-section-boxed elementor-section-height-default elementor-section-height-default rt-parallax-bg-no\" data-id=\"2b87506\" data-element_type=\"section\" data-settings=\"{&quot;stretch_section&quot;:&quot;section-stretched&quot;,&quot;background_background&quot;:&quot;classic&quot;}\">\n\t\t\t\t\t\t<div class=\"elementor-container elementor-column-gap-default\">\n\t\t\t\t\t<div class=\"elementor-column elementor-col-100 elementor-top-column elementor-element elementor-element-cbae81e\" data-id=\"cbae81e\" data-element_type=\"column\">\n\t\t\t<div class=\"elementor-widget-wrap elementor-element-populated\">\n\t\t\t\t\t\t<div class=\"elementor-element elementor-element-a5d7929 elementor-blockquote--skin-boxed elementor-blockquote--button-color-official elementor-widget elementor-widget-blockquote\" data-id=\"a5d7929\" data-element_type=\"widget\" data-widget_type=\"blockquote.default\">\n\t\t\t\t<div class=\"elementor-widget-container\">\n\t\t\t\t\t\t\t<blockquote class=\"elementor-blockquote\">\n\t\t\t<p class=\"elementor-blockquote__content\">\n\t\t\t\t\u00ab World Archery Africa (WAAf) ou anciennement F\u00e9d\u00e9ration africaine de tir \u00e0 l'arc (FAA) est l'association continentale et l'instance dirigeante du sport olympique et paralympique du tir \u00e0 l'arc sur le continent africain. WAAf a \u00e9t\u00e9 fond\u00e9e le 28 septembre 1995 \u00e0 Harare, au Zimbabwe (ZIM). Parmi les membres fondateurs figuraient l'Afrique du Sud, le Zimbabwe, la Zambie, la Tanzanie et le Kenya. WAAf est responsable de la r\u00e9glementation et de la promotion du tir \u00e0 l'arc sur le continent africain, responsable de tous les niveaux de tir \u00e0 l'arc, du niveau de base au niveau de performance. World Archery Africa compte quatre zones (r\u00e9gions) : (Est \u2013 Ouest \u2013 Nord \u2013 Sud) avec (33) associations membres africaines enregistr\u00e9es qui r\u00e9glementent, promeuvent et d\u00e9veloppent le sport dans leurs r\u00e9gions respectives. La f\u00e9d\u00e9ration est reconnue par World Archery, l'Association des Conf\u00e9d\u00e9rations Sportives Africaines (ACSA) et l'Association des Comit\u00e9s Nationaux Olympiques d'Afrique (ACNOA). \u00bb\n\t\t\t<\/p>\n\t\t\t\t\t<\/blockquote>\n\t\t\t\t\t\t<\/div>\n\t\t\t\t<\/div>\n\t\t\t\t\t<\/div>\n\t\t<\/div>\n\t\t\t\t\t<\/div>\n\t\t<\/section>\n\t\t\t\t<section class=\"elementor-section elementor-top-section elementor-element elementor-element-082a3ab elementor-section-boxed elementor-section-height-default elementor-section-height-default rt-parallax-bg-no\" data-id=\"082a3ab\" data-element_type=\"section\">\n\t\t\t\t\t\t<div class=\"elementor-container elementor-column-gap-default\">\n\t\t\t\t\t<div class=\"elementor-column elementor-col-100 elementor-top-column elementor-element elementor-element-652b15f\" data-id=\"652b15f\" data-element_type=\"column\">\n\t\t\t<div class=\"elementor-widget-wrap elementor-element-populated\">\n\t\t\t\t\t\t<div class=\"elementor-element elementor-element-38fabaa elementor-invisible elementor-widget elementor-widget-rt-title\" data-id=\"38fabaa\" data-element_type=\"widget\" data-widget_type=\"rt-title.default\">\n\t\t\t\t<div class=\"elementor-widget-container\">\n\t\t\t\t\t<div class=\"rt-section-title style1\">\n\t<div class=\"title-holder\">\t\t\n\t\t\t\t\t\t<h2 class=\"entry-title hide fadeInUp\" data-wow-delay=\"1.2s\" data-wow-duration=\"1s\">Mission, vision, valeurs et objectifs strat\u00e9giques\t\t\t<span class=\"titledot\"><\/span>\n\t\t\t<span class=\"titleline\"><\/span>\n\t\t<\/h2>\n\t\t\t<\/div>\n<\/div>\n\t\t\t\t<\/div>\n\t\t\t\t<\/div>\n\t\t\t\t\t<\/div>\n\t\t<\/div>\n\t\t\t\t\t<\/div>\n\t\t<\/section>\n\t\t\t\t<section class=\"elementor-section elementor-top-section elementor-element elementor-element-b84175d elementor-section-boxed elementor-section-height-default elementor-section-height-default rt-parallax-bg-no\" data-id=\"b84175d\" data-element_type=\"section\">\n\t\t\t\t\t\t<div class=\"elementor-container elementor-column-gap-default\">\n\t\t\t\t\t<div class=\"elementor-column elementor-col-100 elementor-top-column elementor-element elementor-element-6ecb117\" data-id=\"6ecb117\" data-element_type=\"column\">\n\t\t\t<div class=\"elementor-widget-wrap elementor-element-populated\">\n\t\t\t\t\t\t<div class=\"elementor-element elementor-element-e4b45cd elementor-widget elementor-widget-heading\" data-id=\"e4b45cd\" data-element_type=\"widget\" data-widget_type=\"heading.default\">\n\t\t\t\t<div class=\"elementor-widget-container\">\n\t\t\t\t\t<h2 class=\"elementor-heading-title elementor-size-default\">Vision de la WAAf<\/h2>\t\t\t\t<\/div>\n\t\t\t\t<\/div>\n\t\t\t\t\t<\/div>\n\t\t<\/div>\n\t\t\t\t\t<\/div>\n\t\t<\/section>\n\t\t\t\t<section class=\"elementor-section elementor-top-section elementor-element elementor-element-95c5fb5 elementor-section-boxed elementor-section-height-default elementor-section-height-default rt-parallax-bg-no\" data-id=\"95c5fb5\" data-element_type=\"section\">\n\t\t\t\t\t\t<div class=\"elementor-container elementor-column-gap-default\">\n\t\t\t\t\t<div class=\"elementor-column elementor-col-100 elementor-top-column elementor-element elementor-element-9bae1bd\" data-id=\"9bae1bd\" data-element_type=\"column\">\n\t\t\t<div class=\"elementor-widget-wrap elementor-element-populated\">\n\t\t\t\t\t\t<div class=\"elementor-element elementor-element-d0a4ea8 elementor-widget elementor-widget-text-editor\" data-id=\"d0a4ea8\" data-element_type=\"widget\" data-widget_type=\"text-editor.default\">\n\t\t\t\t<div class=\"elementor-widget-container\">\n\t\t\t\t\t\t\t\t\t<p>\u00catre connue comme un continent bien g\u00e9r\u00e9 qui a des valeurs \u00e0 ajouter et dans lequel chacun a la possibilit\u00e9 de pratiquer, de s'engager et d'appr\u00e9cier le sport olympique du tir \u00e0 l'arc.<\/p>\t\t\t\t\t\t\t\t<\/div>\n\t\t\t\t<\/div>\n\t\t\t\t\t<\/div>\n\t\t<\/div>\n\t\t\t\t\t<\/div>\n\t\t<\/section>\n\t\t\t\t<section class=\"elementor-section elementor-top-section elementor-element elementor-element-02df9e7 elementor-section-boxed elementor-section-height-default elementor-section-height-default rt-parallax-bg-no\" data-id=\"02df9e7\" data-element_type=\"section\">\n\t\t\t\t\t\t<div class=\"elementor-container elementor-column-gap-default\">\n\t\t\t\t\t<div class=\"elementor-column elementor-col-100 elementor-top-column elementor-element elementor-element-544d825\" data-id=\"544d825\" data-element_type=\"column\">\n\t\t\t<div class=\"elementor-widget-wrap elementor-element-populated\">\n\t\t\t\t\t\t<div class=\"elementor-element elementor-element-a023d7e elementor-widget elementor-widget-heading\" data-id=\"a023d7e\" data-element_type=\"widget\" data-widget_type=\"heading.default\">\n\t\t\t\t<div class=\"elementor-widget-container\">\n\t\t\t\t\t<h2 class=\"elementor-heading-title elementor-size-default\">Mission de la WAAf<\/h2>\t\t\t\t<\/div>\n\t\t\t\t<\/div>\n\t\t\t\t\t<\/div>\n\t\t<\/div>\n\t\t\t\t\t<\/div>\n\t\t<\/section>\n\t\t\t\t<section class=\"elementor-section elementor-top-section elementor-element elementor-element-6af27cb elementor-section-boxed elementor-section-height-default elementor-section-height-default rt-parallax-bg-no\" data-id=\"6af27cb\" data-element_type=\"section\">\n\t\t\t\t\t\t<div class=\"elementor-container elementor-column-gap-default\">\n\t\t\t\t\t<div class=\"elementor-column elementor-col-100 elementor-top-column elementor-element elementor-element-7fbe741\" data-id=\"7fbe741\" data-element_type=\"column\">\n\t\t\t<div class=\"elementor-widget-wrap elementor-element-populated\">\n\t\t\t\t\t\t<div class=\"elementor-element elementor-element-eaadc7f elementor-widget elementor-widget-text-editor\" data-id=\"eaadc7f\" data-element_type=\"widget\" data-widget_type=\"text-editor.default\">\n\t\t\t\t<div class=\"elementor-widget-container\">\n\t\t\t\t\t\t\t\t\tD\u00e9velopper et promouvoir le tir \u00e0 l\u2019arc \u00e0 travers l\u2019autonomisation des associations membres africaines \u00e0 tous les niveaux.\nCr\u00e9er de meilleures opportunit\u00e9s pour organiser des \u00e9v\u00e9nements de tir \u00e0 l\u2019arc dans toutes les associations membres africaines. Favoriser un engagement et une participation plus forte des athl\u00e8tes tout en respectant les valeurs olympiques et les principes du sport propre et du fair-play.<br>\nTo create better opportunities to organize archery events in all African Member Associations.\nTo foster stronger athlete commitment and participation while respecting the Olympic values and principles of clean sport and fair play.\t\t\t\t\t\t\t\t<\/div>\n\t\t\t\t<\/div>\n\t\t\t\t\t<\/div>\n\t\t<\/div>\n\t\t\t\t\t<\/div>\n\t\t<\/section>\n\t\t\t\t<section class=\"elementor-section elementor-top-section elementor-element elementor-element-a5fd2b8 elementor-section-boxed elementor-section-height-default elementor-section-height-default rt-parallax-bg-no\" data-id=\"a5fd2b8\" data-element_type=\"section\">\n\t\t\t\t\t\t<div class=\"elementor-container elementor-column-gap-default\">\n\t\t\t\t\t<div class=\"elementor-column elementor-col-100 elementor-top-column elementor-element elementor-element-166057a\" data-id=\"166057a\" data-element_type=\"column\">\n\t\t\t<div class=\"elementor-widget-wrap elementor-element-populated\">\n\t\t\t\t\t\t<div class=\"elementor-element elementor-element-b2affa0 elementor-widget elementor-widget-heading\" data-id=\"b2affa0\" data-element_type=\"widget\" data-widget_type=\"heading.default\">\n\t\t\t\t<div class=\"elementor-widget-container\">\n\t\t\t\t\t<h2 class=\"elementor-heading-title elementor-size-default\">Valeurs de la WAAf<\/h2>\t\t\t\t<\/div>\n\t\t\t\t<\/div>\n\t\t\t\t\t<\/div>\n\t\t<\/div>\n\t\t\t\t\t<\/div>\n\t\t<\/section>\n\t\t\t\t<section class=\"elementor-section elementor-top-section elementor-element elementor-element-95e3a0f elementor-section-boxed elementor-section-height-default elementor-section-height-default rt-parallax-bg-no\" data-id=\"95e3a0f\" data-element_type=\"section\">\n\t\t\t\t\t\t<div class=\"elementor-container elementor-column-gap-default\">\n\t\t\t\t\t<div class=\"elementor-column elementor-col-100 elementor-top-column elementor-element elementor-element-3ebc716\" data-id=\"3ebc716\" data-element_type=\"column\">\n\t\t\t<div class=\"elementor-widget-wrap elementor-element-populated\">\n\t\t\t\t\t\t<div class=\"elementor-element elementor-element-8b21ca4 elementor-widget elementor-widget-text-editor\" data-id=\"8b21ca4\" data-element_type=\"widget\" data-widget_type=\"text-editor.default\">\n\t\t\t\t<div class=\"elementor-widget-container\">\n\t\t\t\t\t\t\t\t\t<ul>\n \t<li>Respect \u2013 reconnaitre les gens pour ce qu\u2019ils sont et la contribution qu\u2019ils apportent.<\/li>\n \t<li>Int\u00e9grit\u00e9 \u2013 la qualit\u00e9 d\u2019\u00eatre honn\u00eate et d\u2019avoir des principes moraux solides.<\/li>\n \t<li>S\u2019efforcez d\u2019apprendre \u00e0 travailler ensemble.<\/li>\n \t<li>Excellence \u2013 pour tirer le meilleur de nous-m\u00eames et des autres.<\/li>\n<\/ul>\t\t\t\t\t\t\t\t<\/div>\n\t\t\t\t<\/div>\n\t\t\t\t\t<\/div>\n\t\t<\/div>\n\t\t\t\t\t<\/div>\n\t\t<\/section>\n\t\t\t\t<section class=\"elementor-section elementor-top-section elementor-element elementor-element-e83b7df elementor-section-boxed elementor-section-height-default elementor-section-height-default rt-parallax-bg-no\" data-id=\"e83b7df\" data-element_type=\"section\">\n\t\t\t\t\t\t<div class=\"elementor-container elementor-column-gap-default\">\n\t\t\t\t\t<div class=\"elementor-column elementor-col-100 elementor-top-column elementor-element elementor-element-dd120dc\" data-id=\"dd120dc\" data-element_type=\"column\">\n\t\t\t<div class=\"elementor-widget-wrap elementor-element-populated\">\n\t\t\t\t\t\t<div class=\"elementor-element elementor-element-4e8bfef elementor-widget elementor-widget-heading\" data-id=\"4e8bfef\" data-element_type=\"widget\" data-widget_type=\"heading.default\">\n\t\t\t\t<div class=\"elementor-widget-container\">\n\t\t\t\t\t<h2 class=\"elementor-heading-title elementor-size-default\">Objectifs Strat\u00e9giques de la WAAf<\/h2>\t\t\t\t<\/div>\n\t\t\t\t<\/div>\n\t\t\t\t\t<\/div>\n\t\t<\/div>\n\t\t\t\t\t<\/div>\n\t\t<\/section>\n\t\t\t\t<section class=\"elementor-section elementor-top-section elementor-element elementor-element-e8548a4 elementor-section-boxed elementor-section-height-default elementor-section-height-default rt-parallax-bg-no\" data-id=\"e8548a4\" data-element_type=\"section\">\n\t\t\t\t\t\t<div class=\"elementor-container elementor-column-gap-default\">\n\t\t\t\t\t<div class=\"elementor-column elementor-col-100 elementor-top-column elementor-element elementor-element-f9b3bda\" data-id=\"f9b3bda\" data-element_type=\"column\">\n\t\t\t<div class=\"elementor-widget-wrap elementor-element-populated\">\n\t\t\t\t\t\t<div class=\"elementor-element elementor-element-d25f998 elementor-widget elementor-widget-text-editor\" data-id=\"d25f998\" data-element_type=\"widget\" data-widget_type=\"text-editor.default\">\n\t\t\t\t<div class=\"elementor-widget-container\">\n\t\t\t\t\t\t\t\t\t\nLes principaux objectifs de la WAAf visant \u00e0 d\u00e9velopper le sport du tir \u00e0 l'arc comprennent :\n<ul>\n <li>Augmenter le nombre de membres affili\u00e9s et leur valeur.<\/li>\n <li>Augmenter le nombre d\u2019entra\u00eeneurs certifi\u00e9s.<\/li>\n <li>Augmenter le nombre de juges nationaux et continentaux qualifi\u00e9s.<\/li>\n <li>Am\u00e9liorer les programmes de base actuels.<\/li>\n <li>Am\u00e9liorer la qualit\u00e9 et les niveaux de participation aux \u00e9v\u00e9nements de tir \u00e0 l\u2019arc.<\/li>\n<\/ul>\n<\/li>\n<\/ul>\t\t\t\t\t\t\t\t<\/div>\n\t\t\t\t<\/div>\n\t\t\t\t\t<\/div>\n\t\t<\/div>\n\t\t\t\t\t<\/div>\n\t\t<\/section>\n\t\t\t\t<\/div>","protected":false},"excerpt":{"rendered":"<p>Intro About World Archery Africa ( WAAf ) World Archery Africa (WAAf) or Formerly the Federation of African Archery (FAA) is the continental Association and the governing body for the Olympic and Paralympic sport of archery in the African Continent. WAAf was founded in 28th September 1995 in Harare, Zimbabwe (ZIM), among the founding members [&hellip;]<\/p>","protected":false},"author":1,"featured_media":0,"parent":0,"menu_order":0,"comment_status":"closed","ping_status":"closed","template":"","meta":{"ngg_post_thumbnail":0,"footnotes":""},"class_list":["post-109","page","type-page","status-publish","hentry"],"ams_acf":[],"rttpg_featured_image_url":null,"rttpg_author":{"display_name":"Admin","author_link":"https:\/\/waafrica.org\/fr\/author\/admin-waaf23\/"},"rttpg_comment":0,"rttpg_category":null,"rttpg_excerpt":"Intro About World Archery Africa ( WAAf ) World Archery Africa (WAAf) or Formerly the Federation of African Archery (FAA) is the continental Association and the governing body for the Olympic and Paralympic sport of archery in the African Continent. WAAf was founded in 28th September 1995 in Harare, Zimbabwe (ZIM), among the founding members\u2026","_links":{"self":[{"href":"https:\/\/waafrica.org\/fr\/wp-json\/wp\/v2\/pages\/109","targetHints":{"allow":["GET"]}}],"collection":[{"href":"https:\/\/waafrica.org\/fr\/wp-json\/wp\/v2\/pages"}],"about":[{"href":"https:\/\/waafrica.org\/fr\/wp-json\/wp\/v2\/types\/page"}],"author":[{"embeddable":true,"href":"https:\/\/waafrica.org\/fr\/wp-json\/wp\/v2\/users\/1"}],"replies":[{"embeddable":true,"href":"https:\/\/waafrica.org\/fr\/wp-json\/wp\/v2\/comments?post=109"}],"version-history":[{"count":10,"href":"https:\/\/waafrica.org\/fr\/wp-json\/wp\/v2\/pages\/109\/revisions"}],"predecessor-version":[{"id":349,"href":"https:\/\/waafrica.org\/fr\/wp-json\/wp\/v2\/pages\/109\/revisions\/349"}],"wp:attachment":[{"href":"https:\/\/waafrica.org\/fr\/wp-json\/wp\/v2\/media?parent=109"}],"curies":[{"name":"wp","href":"https:\/\/api.w.org\/{rel}","templated":true}]}}